{"id":10,"date":"2025-08-08T14:10:26","date_gmt":"2025-08-08T12:10:26","guid":{"rendered":"https:\/\/ingresso.museodelmaretrieste.it\/?page_id=10"},"modified":"2026-03-18T15:22:59","modified_gmt":"2026-03-18T14:22:59","slug":"ingresso","status":"publish","type":"page","link":"https:\/\/ingresso.museodelmaretrieste.it\/","title":{"rendered":"ingresso"},"content":{"rendered":"\n<figure class=\"wp-block-image aligncenter size-large\" style=\"margin-top:0;margin-bottom:0\"><img loading=\"lazy\" decoding=\"async\" width=\"724\" height=\"1024\" src=\"https:\/\/ingresso.museodelmaretrieste.it\/wp-content\/uploads\/2025\/09\/bluelogo-724x1024.jpg\" alt=\"\" class=\"wp-image-502\" srcset=\"https:\/\/ingresso.museodelmaretrieste.it\/wp-content\/uploads\/2025\/09\/bluelogo-724x1024.jpg 724w, https:\/\/ingresso.museodelmaretrieste.it\/wp-content\/uploads\/2025\/09\/bluelogo-212x300.jpg 212w, https:\/\/ingresso.museodelmaretrieste.it\/wp-content\/uploads\/2025\/09\/bluelogo-768x1086.jpg 768w, https:\/\/ingresso.museodelmaretrieste.it\/wp-content\/uploads\/2025\/09\/bluelogo-1086x1536.jpg 1086w, https:\/\/ingresso.museodelmaretrieste.it\/wp-content\/uploads\/2025\/09\/bluelogo.jpg 1191w\" sizes=\"auto, (max-width: 724px) 100vw, 724px\" \/><\/figure>\n\n\n\n<h1 class=\"wp-block-heading has-text-align-center alignwide has-news-gothic-std-font-family\" style=\"margin-top:3.5rem;margin-right:0;margin-left:0;font-size:clamp(3.8rem, 3.8rem + ((1vw - 0.2rem) * -21.677), 8rem);font-style:normal;font-weight:700\">OGGI SIAMO APERTI FINO ALLE<\/h1>\n\n\n\n<p class=\"has-text-align-center has-news-gothic-std-font-family wp-block-paragraph\" style=\"font-size:clamp(3.8rem, 3.8rem + ((1vw - 0.2rem) * -21.677), 8rem);font-style:italic;font-weight:700\">TODAY THE MUSEUM IS OPEN UNTIL<\/p>\n\n\n\n<p class=\"has-text-align-center is-style-default has-news-gothic-std-font-family wp-block-paragraph\" style=\"margin-top:0.5rem;margin-bottom:0.5rem;font-size:clamp(5.492rem, 5.492rem + ((1vw - 0.2rem) * -38.751), 13rem);font-style:normal;font-weight:700\">17.00<\/p>\n\n\n\n<figure class=\"wp-block-table is-style-transparent is-style-regular has-news-gothic-std-font-family\" style=\"margin-top:0;margin-right:0;margin-left:0;padding-top:0;padding-right:0;padding-left:0;font-size:clamp(3.037rem, 3.037rem + ((1vw - 0.2rem) * -15.293), 6rem);font-style:normal;font-weight:400;line-height:0.6\"><table style=\"border-style:none;border-width:0px\"><tbody><tr><td class=\"has-text-align-left\" data-align=\"left\"><strong>LUN<br><br><em>MON<\/em><\/strong><\/td><td class=\"has-text-align-left\" data-align=\"left\"><strong>MAR<br><br><em>TUE<\/em><\/strong><\/td><td class=\"has-text-align-left\" data-align=\"left\"><strong>MER<br><br><em>WED<\/em><\/strong><\/td><td class=\"has-text-align-left\" data-align=\"left\"><strong>GIO<br><br><em>THU<\/em><\/strong><\/td><td class=\"has-text-align-left\" data-align=\"left\"><strong>VEN<br><br><em>FRI<\/em><\/strong><\/td><td class=\"has-text-align-left\" data-align=\"left\"><strong>SAB<br><br><em>SAT<\/em><\/strong><\/td><td><strong>DOM<br><br><em>SUN<\/em><\/strong><\/td><\/tr><tr><td class=\"has-text-align-left\" data-align=\"left\"><br>Chiuso<\/td><td class=\"has-text-align-left\" data-align=\"left\"><br>Chiuso<\/td><td class=\"has-text-align-left\" data-align=\"left\"><br>10.00<\/td><td class=\"has-text-align-left\" data-align=\"left\"><br>10.00<\/td><td class=\"has-text-align-left\" data-align=\"left\"><br>10.00<\/td><td class=\"has-text-align-left\" data-align=\"left\"><br>10.00<\/td><td><br>10.00<\/td><\/tr><tr><td class=\"has-text-align-left\" data-align=\"left\">Closed<\/td><td class=\"has-text-align-left\" data-align=\"left\">Closed<\/td><td class=\"has-text-align-left\" data-align=\"left\">17.00<\/td><td class=\"has-text-align-left\" data-align=\"left\">17.00<\/td><td class=\"has-text-align-left\" data-align=\"left\">17.00<\/td><td class=\"has-text-align-left\" data-align=\"left\">17.00<\/td><td>17.00<\/td><\/tr><\/tbody><\/table><\/figure>\n\n\n\n<p class=\"wp-block-paragraph\"><\/p>\n\n\n<div class=\"container\">\n<div class=\"left-column\">\n    <img decoding=\"async\" src=\"https:\/\/ingresso.museodelmaretrieste.it\/wp-content\/uploads\/2025\/11\/3d-edificio.png\" alt=\"Blueprint\">\n   <\/div>\n<div class=\"right-column\">\n<div class=\"row\">\n<hr>\n    <span>MUSEO DEL MARE<\/span>\n   <\/div>\n<div class=\"row\">\n<hr>\n    <span>MOSTRE IN CORSO <br \/> ONGOING EXHIBITIONS<\/span>\n   <\/div>\n<div class=\"row\">\n<hr>\n    <span>LIVELLO DI INGRESSO <br \/> ENTRANCE (BROUND FLOOR)<\/span>\n   <\/div>\n<\/p>\n<\/div>\n<\/div>\n<div class=\"horizontal-line\">\n<hr>\n <\/div>\n\n<style id=\"wp_carousel_dynamic_css70\">.sp-wp-carousel-free-id-70.wpcf-fancybox-wrapper .fancybox-bg{background: #0b0b0b;opacity: 0.8;}.sp-wp-carousel-free-id-70.wpcf-fancybox-wrapper .fancybox-navigation .fancybox-button .wpcp-fancybox-nav-arrow i {color: #ccc;}.sp-wp-carousel-free-id-70.wpcf-fancybox-wrapper .fancybox-navigation .fancybox-button .wpcp-fancybox-nav-arrow i:hover {color: #fff;}.sp-wp-carousel-free-id-70.wpcf-fancybox-wrapper .fancybox-navigation .fancybox-button {background: #1e1e1e;}.sp-wp-carousel-free-id-70.wpcf-fancybox-wrapper .fancybox-navigation .fancybox-button:hover {background: #1e1e1e;}#sp-wp-carousel-free-id-70 .wpcp-swiper-dots {margin: 40px 0px 0px 0px;}.wpcp-wrapper-70 .swiper-wrapper .swiper-slide-kenburn, .wpcp-wrapper-70 .swiper-wrapper, .wpcp-wrapper-70 .wpcpro-row{align-items: center;}#sp-wp-carousel-free-id-70 .wpcp-single-item {box-shadow: 0px 0px 0px 0px #dddddd;transition: all .3s;margin: 0px;}#sp-wp-carousel-free-id-70.swiper-flip .wpcp-single-item{margin: 0!important;}#sp-wp-carousel-free-id-70 .wpcp-single-item:hover {box-shadow: 0px 0px 0px 0px #dddddd;}#sp-wp-carousel-free-id-70.sp-wpcp-70 .wpcp-single-item {border: 1px none #ffffff;}#sp-wp-carousel-free-id-70.sp-wpcp-70 .wpcp-swiper-dots .swiper-pagination-bullet {background-color: #cccccc;}#sp-wp-carousel-free-id-70.sp-wpcp-70 .wpcp-swiper-dots .swiper-pagination-bullet.swiper-pagination-bullet-active {background-color: #ffffff;} #sp-wp-carousel-free-id-70.sp-wpcp-70.wpcp-image-carousel .wpcp-single-item:hover img, #sp-wp-carousel-free-id-70.sp-wpcp-70.wpcp-post-carousel .wpcp-single-item:hover img, #sp-wp-carousel-free-id-70.sp-wpcp-70.wpcp-product-carousel .wpcp-single-item:hover img{-webkit-transform: scale(1.2);-moz-transform: scale(1.2);transform: scale(1.2);}.wpcp-carousel-wrapper #sp-wp-carousel-free-id-70.wpcp-post-carousel .wpcp-single-item {background: #104d83;}#sp-wp-carousel-free-id-70.nav-vertical-center {padding: 0;margin:0;}#sp-wp-carousel-free-id-70 .wpcpro-row>[class*=\"wpcpro-col-\"] { padding: 0 10px; padding-bottom: 20px;} #sp-wp-carousel-free-id-70 .swiper-slide .single-item-fade:not(:last-child) { margin-right: 20px;}@media (min-width: 480px) { .wpcpro-row .wpcpro-col-sm-1 { flex: 0 0 100%; max-width: 100%; } .wpcpro-row .wpcpro-col-sm-2 { flex: 0 0 50%; max-width: 50%; } .wpcpro-row .wpcpro-col-sm-2-5 { flex: 0 0 75%; max-width: 75%; } .wpcpro-row .wpcpro-col-sm-3 { flex: 0 0 33.333%; max-width: 33.333%; } .wpcpro-row .wpcpro-col-sm-4 { flex: 0 0 25%; max-width: 25%; } .wpcpro-row .wpcpro-col-sm-5 { flex: 0 0 20%; max-width: 20%; } .wpcpro-row .wpcpro-col-sm-6 { flex: 0 0 16.66666666666667%; max-width: 16.66666666666667%; } .wpcpro-row .wpcpro-col-sm-7 { flex: 0 0 14.28571428%; max-width: 14.28571428%; } .wpcpro-row .wpcpro-col-sm-8 { flex: 0 0 12.5%; max-width: 12.5%; } } @media (max-width: 480px) { .wpcpro-row .wpcpro-col-xs-1 { flex: 0 0 100%; max-width: 100%; } .wpcpro-row .wpcpro-col-xs-2 { flex: 0 0 50%; max-width: 50%; } .wpcpro-row .wpcpro-col-xs-3 { flex: 0 0 33.222%; max-width: 33.222%; } .wpcpro-row .wpcpro-col-xs-4 { flex: 0 0 25%; max-width: 25%; } .wpcpro-row .wpcpro-col-xs-5 { flex: 0 0 20%; max-width: 20%; } .wpcpro-row .wpcpro-col-xs-6 { flex: 0 0 16.6667%; max-width: 16.6667%; } .wpcpro-row .wpcpro-col-xs-7 { flex: 0 0 14.28571428%; max-width: 14.28571428%; } .wpcpro-row .wpcpro-col-xs-8 { flex: 0 0 12.5%; max-width: 12.5%; } } @media (min-width: 736px) { .wpcpro-row .wpcpro-col-md-1 { flex: 0 0 100%; max-width: 100%; } .wpcpro-row .wpcpro-col-md-2 { flex: 0 0 50%; max-width: 50%; } .wpcpro-row .wpcpro-col-md-2-5 { flex: 0 0 75%; max-width: 75%; } .wpcpro-row .wpcpro-col-md-3 { flex: 0 0 33.333%; max-width: 33.333%; } .wpcpro-row .wpcpro-col-md-4 { flex: 0 0 25%; max-width: 25%; } .wpcpro-row .wpcpro-col-md-5 { flex: 0 0 20%; max-width: 20%; } .wpcpro-row .wpcpro-col-md-6 { flex: 0 0 16.66666666666667%; max-width: 16.66666666666667%; } .wpcpro-row .wpcpro-col-md-7 { flex: 0 0 14.28571428%; max-width: 14.28571428%; } .wpcpro-row .wpcpro-col-md-8 { flex: 0 0 12.5%; max-width: 12.5%; } } @media (min-width: 980px) { .wpcpro-row .wpcpro-col-lg-1 { flex: 0 0 100%; max-width: 100%; } .wpcpro-row .wpcpro-col-lg-2 { flex: 0 0 50%; max-width: 50%; } .wpcpro-row .wpcpro-col-lg-3 { flex: 0 0 33.222%; max-width: 33.222%; } .wpcpro-row .wpcpro-col-lg-4 { flex: 0 0 25%; max-width: 25%; } .wpcpro-row .wpcpro-col-lg-5 { flex: 0 0 20%; max-width: 20%; } .wpcpro-row .wpcpro-col-lg-6 { flex: 0 0 16.6667%; max-width: 16.6667%; } .wpcpro-row .wpcpro-col-lg-7 { flex: 0 0 14.28571428%; max-width: 14.28571428%; } .wpcpro-row .wpcpro-col-lg-8 { flex: 0 0 12.5%; max-width: 12.5%; } } @media (min-width: 1200px) { .wpcpro-row .wpcpro-col-xl-1 { flex: 0 0 100%; max-width: 100%; } .wpcpro-row .wpcpro-col-xl-2 { flex: 0 0 50%; max-width: 50%; } .wpcpro-row .wpcpro-col-xl-3 { flex: 0 0 33.22222222%; max-width: 33.22222222%; } .wpcpro-row .wpcpro-col-xl-4 { flex: 0 0 25%; max-width: 25%; } .wpcpro-row .wpcpro-col-xl-5 { flex: 0 0 20%; max-width: 20%; } .wpcpro-row .wpcpro-col-xl-6 { flex: 0 0 16.66667%; max-width: 16.66667%; } .wpcpro-row .wpcpro-col-xl-7 { flex: 0 0 14.28571428%; max-width: 14.28571428%; } .wpcpro-row .wpcpro-col-xl-8 { flex: 0 0 12.5%; max-width: 12.5%; } }*{font-family: 'New Gothic Style', sans-serif;}<\/style><div class=\"wpcp-carousel-wrapper wpcp-wrapper-70\">\n\t<div id=\"wpcp-preloader-70\" class=\"wpcp-carousel-preloader\"><img decoding=\"async\" src=\"https:\/\/ingresso.museodelmaretrieste.it\/wp-content\/plugins\/wp-carousel-free\/public\/css\/spinner.svg\" alt=\"Preloader Image\" \/><\/div>\t<div class=\"wpcp-carousel-content-wrapper\">\n\t<div id=\"sp-wp-carousel-free-id-70\" class=\"wpcp-carousel-section sp-wpcp-70  nav-vertical-center wpcp-post-carousel wpcp-preloader wpcp-standard\" data-swiper='{ &quot;pagination_type&quot;: &quot;dots&quot;,&quot;accessibility&quot;:true, &quot;spaceBetween&quot;:0, &quot;arrows&quot;:false, &quot;freeMode&quot;: false, &quot;autoplay&quot;:true, &quot;effect&quot;: &quot;normal&quot;, &quot;centerMode&quot;: false, &quot;autoplaySpeed&quot;:4000, &quot;dots&quot;:true, &quot;infinite&quot;:true, &quot;speed&quot;:800, &quot;pauseOnHover&quot;:true,\n\t\t\t&quot;slidesToShow&quot;:{&quot;lg_desktop&quot;:1, &quot;desktop&quot;: 1, &quot;laptop&quot;: 1, &quot;tablet&quot;: 1, &quot;mobile&quot;: 1}, &quot;responsive&quot;:{&quot;desktop&quot;:1200, &quot;laptop&quot;: 980, &quot;tablet&quot;: 736, &quot;mobile&quot;: 480}, &quot;rtl&quot;:false, &quot;lazyLoad&quot;: &quot;false&quot;, &quot;swipe&quot;: true, &quot;draggable&quot;: true, &quot;swipeToSlide&quot;:false }' dir=\"ltr\">\n\t\t<div class=\"swiper-wrapper\">\n\t\t<div class=\"swiper-slide\">\n\t<div class=\"wpcp-single-item\">\n\t\t\t<div class=\"wpcp-slide-image\">\n\t\t<a href=\"https:\/\/ingresso.museodelmaretrieste.it\/index.php\/2025\/08\/20\/la-sabbia-del-mondo\/\">\n\t\t\t<img loading=\"lazy\" decoding=\"async\" class=\"skip-lazy\" src=\"https:\/\/ingresso.museodelmaretrieste.it\/wp-content\/uploads\/2025\/08\/5a1e66054cd1e2e321b86782403e044b.jpg\" title=\"5a1e66054cd1e2e321b86782403e044b\" alt=\"\" width=\"946\" height=\"768\">\t\t<\/a>\n\t<\/div>\n\t\t\t\t<div class=\"wpcp-all-captions\">\n\t\t<h2 class=\"wpcp-post-title\">\n\t<a href=\"https:\/\/ingresso.museodelmaretrieste.it\/index.php\/2025\/08\/20\/la-sabbia-del-mondo\/\">\n\t\tArte e arredamento sui Conti, da Copped\u00e8 a Gio Ponti\t<\/a>\n<\/h2>\n\t<div class='wpcp-post-content'>\n\t<p>Nell\u2019ambito della mostra \u201cI cavalieri dei mari\u201d (www.lloydsabaudo.com), venerd\u00ec 24 ottobre, presso il Museo del Mare di Trieste, alle ore 17, si terr\u00e0 la seconda conferenza del ciclo a cura di Maurizio Eliseo. Simone Bandini ci accompagner\u00e0 in un viaggio tra arte e arredamento a bordo dei quattro Conti sia prima che dopo il Secondo conflitto mondiale, raccontando storie, dettagli e curiosit\u00e0.<\/p>\n<\/div>\n\t\t<\/div>\n\t<\/div>\n<\/div>\n<div class=\"swiper-slide\">\n\t<div class=\"wpcp-single-item\">\n\t\t\t<div class=\"wpcp-slide-image\">\n\t\t<a href=\"https:\/\/ingresso.museodelmaretrieste.it\/index.php\/2025\/08\/08\/ciao-mondo\/\">\n\t\t\t<img loading=\"lazy\" decoding=\"async\" class=\"skip-lazy\" src=\"https:\/\/ingresso.museodelmaretrieste.it\/wp-content\/uploads\/2025\/08\/foto-cucina-scaled-1.jpg\" title=\"foto-cucina-scaled\" alt=\"\" width=\"2560\" height=\"1494\">\t\t<\/a>\n\t<\/div>\n\t\t\t\t<div class=\"wpcp-all-captions\">\n\t\t<h2 class=\"wpcp-post-title\">\n\t<a href=\"https:\/\/ingresso.museodelmaretrieste.it\/index.php\/2025\/08\/08\/ciao-mondo\/\">\n\t\tConferenza della dott.ssa Diana De Rosa\t<\/a>\n<\/h2>\n\t<div class='wpcp-post-content'>\n\t<p>Nell\u2019ambito della mostra \u201cI cavalieri dei mari\u201d (www.lloydsabaudo.com), mercoled\u00ec 15 ottobre, presso il Museo del Mare di Trieste, alle ore 17, si apre il ciclo di eventi a corredo dell\u2019esposizione, incontrando Diana De Rosa. La nota ricercatrice e autrice triestina, ci racconter\u00e0 dell\u2019esperienza a bordo dei \u201cConti\u201d attraverso la biografia e le ricette di Carlo Fidelis, chef del Lloyd Triestino nella prima met\u00e0 del Novecento, che la dott.ssa De Rosa ha magistralmente fissato nelle pagine del suo recente libro \u201cOnde di Crema\u201d.<\/p>\n<\/div>\n\t\t<\/div>\n\t<\/div>\n<\/div>\n\t\t<\/div>\n\t\t\t\t\t<div class=\"wpcp-swiper-dots swiper-pagination\"><\/div>\n\t\t\t\t<!-- If we need navigation buttons -->\n\t\t\t<\/div>\n\t<\/div>\n<\/div>\n\n\n\n<div style=\"position: relative; display: grid; grid-template-columns: 6fr 1fr; align-items: center; height: auto; margin-top: 6.2rem; background-color: white; padding: 0px 20px;\"><img decoding=\"async\" style=\"width: 100%; max-height: 100%;\" src=\"https:\/\/ingresso.museodelmaretrieste.it\/wp-content\/uploads\/2025\/08\/loghi-1-scaled-4.png\" alt=\"Image 1\" \/><img decoding=\"async\" style=\"max-width: 100%; justify-self: end; max-height: 5.5vw; margin-right: 2rem;\" src=\"https:\/\/ingresso.museodelmaretrieste.it\/wp-content\/uploads\/2025\/08\/Logo_Comune_Rosso-copia_page-0001-4.jpg\" alt=\"Image 2\" \/><\/div>","protected":false},"excerpt":{"rendered":"<p>OGGI SIAMO APERTI FINO ALLE TODAY THE MUSEUM IS OPEN UNTIL 17.00 LUN MON MAR TUE MER WED GIO THU VEN FRI SAB SAT DOM SUN Chiuso Chiuso 10.00 10.00 10.00 10.00 10.00 Closed Closed 17.00 17.00 17.00 17.00 17.00 MUSEO DEL MARE MOSTRE IN CORSO ONGOING EXHIBITIONS LIVELLO DI INGRESSO ENTRANCE (BROUND FLOOR)<\/p>\n","protected":false},"author":2,"featured_media":249,"parent":0,"menu_order":0,"comment_status":"closed","ping_status":"closed","template":"","meta":{"_crdt_document":"","footnotes":""},"class_list":["post-10","page","type-page","status-publish","has-post-thumbnail","hentry"],"_links":{"self":[{"href":"https:\/\/ingresso.museodelmaretrieste.it\/index.php\/wp-json\/wp\/v2\/pages\/10","targetHints":{"allow":["GET"]}}],"collection":[{"href":"https:\/\/ingresso.museodelmaretrieste.it\/index.php\/wp-json\/wp\/v2\/pages"}],"about":[{"href":"https:\/\/ingresso.museodelmaretrieste.it\/index.php\/wp-json\/wp\/v2\/types\/page"}],"author":[{"embeddable":true,"href":"https:\/\/ingresso.museodelmaretrieste.it\/index.php\/wp-json\/wp\/v2\/users\/2"}],"replies":[{"embeddable":true,"href":"https:\/\/ingresso.museodelmaretrieste.it\/index.php\/wp-json\/wp\/v2\/comments?post=10"}],"version-history":[{"count":390,"href":"https:\/\/ingresso.museodelmaretrieste.it\/index.php\/wp-json\/wp\/v2\/pages\/10\/revisions"}],"predecessor-version":[{"id":711,"href":"https:\/\/ingresso.museodelmaretrieste.it\/index.php\/wp-json\/wp\/v2\/pages\/10\/revisions\/711"}],"wp:featuredmedia":[{"embeddable":true,"href":"https:\/\/ingresso.museodelmaretrieste.it\/index.php\/wp-json\/wp\/v2\/media\/249"}],"wp:attachment":[{"href":"https:\/\/ingresso.museodelmaretrieste.it\/index.php\/wp-json\/wp\/v2\/media?parent=10"}],"curies":[{"name":"wp","href":"https:\/\/api.w.org\/{rel}","templated":true}]}}